{"id":31,"date":"2020-04-13T11:18:52","date_gmt":"2020-04-13T11:18:52","guid":{"rendered":"https:\/\/feketeistvanvtajka.hu\/about\/"},"modified":"2025-03-05T20:08:39","modified_gmt":"2025-03-05T20:08:39","slug":"rolunk","status":"publish","type":"page","link":"https:\/\/feketeistvanvtajka.hu\/en\/rolunk\/","title":{"rendered":"About Us"},"content":{"rendered":"<div data-elementor-type=\"wp-page\" data-elementor-id=\"31\" class=\"elementor elementor-31\">\n\t\t\t\t\t\t<section class=\"elementor-section elementor-top-section elementor-element elementor-element-5131a13e elementor-section-boxed elementor-section-height-default elementor-section-height-default\" data-id=\"5131a13e\" data-element_type=\"section\" data-settings=\"{&quot;background_background&quot;:&quot;classic&quot;}\">\n\t\t\t\t\t\t\t<div class=\"elementor-background-overlay\"><\/div>\n\t\t\t\t\t\t\t<div class=\"elementor-container elementor-column-gap-default\">\n\t\t\t\t\t<div class=\"elementor-column elementor-col-100 elementor-top-column elementor-element elementor-element-1053ca7a\" data-id=\"1053ca7a\" data-element_type=\"column\">\n\t\t\t<div class=\"elementor-widget-wrap elementor-element-populated\">\n\t\t\t\t\t\t<div class=\"elementor-element elementor-element-3d99e122 elementor-widget elementor-widget-heading\" data-id=\"3d99e122\" data-element_type=\"widget\" data-widget_type=\"heading.default\">\n\t\t\t\t<div class=\"elementor-widget-container\">\n\t\t\t\t\t<h1 class=\"elementor-heading-title elementor-size-default\">About Us<\/h1>\t\t\t\t<\/div>\n\t\t\t\t<\/div>\n\t\t\t\t\t<\/div>\n\t\t<\/div>\n\t\t\t\t\t<\/div>\n\t\t<\/section>\n\t\t\t\t<section class=\"elementor-section elementor-top-section elementor-element elementor-element-40177ae0 elementor-section-boxed elementor-section-height-default elementor-section-height-default\" data-id=\"40177ae0\" data-element_type=\"section\">\n\t\t\t\t\t\t<div class=\"elementor-container elementor-column-gap-no\">\n\t\t\t\t\t<div class=\"elementor-column elementor-col-50 elementor-top-column elementor-element elementor-element-2828f573\" data-id=\"2828f573\" data-element_type=\"column\">\n\t\t\t<div class=\"elementor-widget-wrap elementor-element-populated\">\n\t\t\t\t\t\t<div class=\"elementor-element elementor-element-89f2800 elementor-widget elementor-widget-image\" data-id=\"89f2800\" data-element_type=\"widget\" data-widget_type=\"image.default\">\n\t\t\t\t<div class=\"elementor-widget-container\">\n\t\t\t\t\t\t\t\t\t\t\t\t\t\t\t<img fetchpriority=\"high\" decoding=\"async\" width=\"640\" height=\"427\" src=\"https:\/\/feketeistvanvtajka.hu\/wp-content\/uploads\/2022\/04\/Negative0-25-25.jpg\" class=\"attachment-medium_large size-medium_large wp-image-326\" alt=\"\" srcset=\"https:\/\/feketeistvanvtajka.hu\/wp-content\/uploads\/2022\/04\/Negative0-25-25.jpg 640w, https:\/\/feketeistvanvtajka.hu\/wp-content\/uploads\/2022\/04\/Negative0-25-25-300x200.jpg 300w\" sizes=\"(max-width: 640px) 100vw, 640px\" \/>\t\t\t\t\t\t\t\t\t\t\t\t\t\t\t<\/div>\n\t\t\t\t<\/div>\n\t\t\t\t<div class=\"elementor-element elementor-element-c6a16db elementor-widget elementor-widget-image\" data-id=\"c6a16db\" data-element_type=\"widget\" data-widget_type=\"image.default\">\n\t\t\t\t<div class=\"elementor-widget-container\">\n\t\t\t\t\t\t\t\t\t\t\t\t\t\t\t<img decoding=\"async\" width=\"640\" height=\"480\" data-src=\"https:\/\/feketeistvanvtajka.hu\/wp-content\/uploads\/2022\/04\/IMG_1661.jpg\" class=\"attachment-medium_large size-medium_large wp-image-343 lazyload\" alt=\"\" data-srcset=\"https:\/\/feketeistvanvtajka.hu\/wp-content\/uploads\/2022\/04\/IMG_1661.jpg 640w, https:\/\/feketeistvanvtajka.hu\/wp-content\/uploads\/2022\/04\/IMG_1661-300x225.jpg 300w\" data-sizes=\"(max-width: 640px) 100vw, 640px\" src=\"data:image\/svg+xml;base64,PHN2ZyB3aWR0aD0iMSIgaGVpZ2h0PSIxIiB4bWxucz0iaHR0cDovL3d3dy53My5vcmcvMjAwMC9zdmciPjwvc3ZnPg==\" style=\"--smush-placeholder-width: 640px; --smush-placeholder-aspect-ratio: 640\/480;\" \/>\t\t\t\t\t\t\t\t\t\t\t\t\t\t\t<\/div>\n\t\t\t\t<\/div>\n\t\t\t\t\t<\/div>\n\t\t<\/div>\n\t\t\t\t<div class=\"elementor-column elementor-col-50 elementor-top-column elementor-element elementor-element-48096891\" data-id=\"48096891\" data-element_type=\"column\">\n\t\t\t<div class=\"elementor-widget-wrap elementor-element-populated\">\n\t\t\t\t\t\t<div class=\"elementor-element elementor-element-44ce5982 elementor-widget elementor-widget-text-editor\" data-id=\"44ce5982\" data-element_type=\"widget\" data-widget_type=\"text-editor.default\">\n\t\t\t\t<div class=\"elementor-widget-container\">\n\t\t\t\t\t\t\t\t\t<p>The Fekete Istv\u00e1n Hunting Association was established in 1967. Our territory is about 6000 hectare large and is located among the following villages and towns: Bakonygyepes, Devecser, Pusztamiske, Nyir\u00e1d, Sz\u0151c, Padragk\u00fat and Ajka.\u00a0<\/p>\t\t\t\t\t\t\t\t<\/div>\n\t\t\t\t<\/div>\n\t\t\t\t<div class=\"elementor-element elementor-element-e56ab06 elementor-widget elementor-widget-text-editor\" data-id=\"e56ab06\" data-element_type=\"widget\" data-widget_type=\"text-editor.default\">\n\t\t\t\t<div class=\"elementor-widget-container\">\n\t\t\t\t\t\t\t\t\t<p style=\"font-weight: 400;\">Our territory is inhabited by various species such as red deer, wild boar, roe deer and fallow deer.<\/p><p style=\"font-weight: 400;\">The territory consists of hills, forests and agricultural fields. Around 30% of the total territory is covered with forests.\u00a0<\/p><p style=\"font-weight: 400;\">Water supply is relatively great due to the numerous streams and lakes in the area. On average 250 wild boars, 80 deers, 100 roe deers, 50-100 smaller species (mainly rabbits and pheasants) and around 100 mallards are hunted per year. Hunting for pigeons is possible as well, however it occurs rarely.\u00a0<\/p><p style=\"font-weight: 400;\">There are two professional hunters in our area, and they are happy to help and to make our hunters and guests satisfied. The majority of our territory can be hunted thanks to the numerous freshly built and comfortable high-stands.<\/p><p style=\"font-weight: 400;\">Most of our members are hunters from the local area, however we have members from other parts of the country as well. There are numerous events which can be attended such as the agriculture exposition in P\u00e1pa, shooting competitions among hunting associations, or the ball of hunters which has become more or less tradition now.\u00a0<\/p><p style=\"font-weight: 400;\">Our association has a hunting lodge as well. It is well equipped and easily accessible due to its favorable location, therefore we can strongly recommend not just for our hunter-guests (see photos in a separate menu).\u00a0<\/p><p style=\"font-weight: 400;\">The location of the territory makes it possible to combine hunting with cultural programs (Tapolca, Keszthely, Veszpr\u00e9m, S\u00fcmeg) or to enjoy the Lake Balaton and the local spas (P\u00e1pa, S\u00e1rv\u00e1r, H\u00e9v\u00edz).\u00a0<\/p><p style=\"font-weight: 400;\"><strong>In case you would like to receive further information, please contact us!<\/strong><\/p>\t\t\t\t\t\t\t\t<\/div>\n\t\t\t\t<\/div>\n\t\t\t\t<div class=\"elementor-element elementor-element-05eac7b elementor-align-left elementor-mobile-align-center elementor-widget elementor-widget-button\" data-id=\"05eac7b\" data-element_type=\"widget\" data-widget_type=\"button.default\">\n\t\t\t\t<div class=\"elementor-widget-container\">\n\t\t\t\t\t\t\t\t\t<div class=\"elementor-button-wrapper\">\n\t\t\t\t\t<a class=\"elementor-button elementor-button-link elementor-size-lg\" href=\"\/en\/ajanlatkeres\/\">\n\t\t\t\t\t\t<span class=\"elementor-button-content-wrapper\">\n\t\t\t\t\t\t\t\t\t<span class=\"elementor-button-text\">Booking<\/span>\n\t\t\t\t\t<\/span>\n\t\t\t\t\t<\/a>\n\t\t\t\t<\/div>\n\t\t\t\t\t\t\t\t<\/div>\n\t\t\t\t<\/div>\n\t\t\t\t\t<\/div>\n\t\t<\/div>\n\t\t\t\t\t<\/div>\n\t\t<\/section>\n\t\t\t\t<\/div>","protected":false},"excerpt":{"rendered":"<p>R\u00f3lunk A Fekete Istv\u00e1n Vad\u00e1szt\u00e1rsas\u00e1g t\u00f6bb mint 50 \u00e9ve 1967-ben alakult. Vad\u00e1szter\u00fclet\u00fcnk a Bakonygyepes, Devecser, Pusztamiske, Nyir\u00e1d, Sz\u0151c, Padragk\u00fat, Ajka helys\u00e9gek k\u00f6z\u00f6tti ter\u00fcleten helyezkedik el mintegy 6000 ha nagys\u00e1gban.\u00a0 A ter\u00fclet jellege vegyes vadas, de az ut\u00f3bbi id\u0151ben az apr\u00f3vad visszaszorul\u00f3ban van. A ter\u00fcleten megtal\u00e1lhat\u00f3 a g\u00edmszarvas, vaddiszn\u00f3, \u0151z, v\u00e1lt\u00f3 vadk\u00e9nt a d\u00e1m. A ter\u00fcletet [&hellip;]<\/p>","protected":false},"author":1,"featured_media":0,"parent":0,"menu_order":0,"comment_status":"closed","ping_status":"closed","template":"","meta":{"site-sidebar-layout":"no-sidebar","site-content-layout":"page-builder","ast-site-content-layout":"default","site-content-style":"default","site-sidebar-style":"default","ast-global-header-display":"","ast-banner-title-visibility":"","ast-main-header-display":"","ast-hfb-above-header-display":"","ast-hfb-below-header-display":"","ast-hfb-mobile-header-display":"","site-post-title":"disabled","ast-breadcrumbs-content":"","ast-featured-img":"","footer-sml-layout":"","ast-disable-related-posts":"","theme-transparent-header-meta":"enabled","adv-header-id-meta":"","stick-header-meta":"","header-above-stick-meta":"","header-main-stick-meta":"","header-below-stick-meta":"","astra-migrate-meta-layouts":"default","ast-page-background-enabled":"default","ast-page-background-meta":{"desktop":{"background-color":"","background-image":"","background-repeat":"repeat","background-position":"center center","background-size":"auto","background-attachment":"scroll","background-type":"","background-media":"","overlay-type":"","overlay-color":"","overlay-opacity":"","overlay-gradient":""},"tablet":{"background-color":"","background-image":"","background-repeat":"repeat","background-position":"center center","background-size":"auto","background-attachment":"scroll","background-type":"","background-media":"","overlay-type":"","overlay-color":"","overlay-opacity":"","overlay-gradient":""},"mobile":{"background-color":"","background-image":"","background-repeat":"repeat","background-position":"center center","background-size":"auto","background-attachment":"scroll","background-type":"","background-media":"","overlay-type":"","overlay-color":"","overlay-opacity":"","overlay-gradient":""}},"ast-content-background-meta":{"desktop":{"background-color":"var(--ast-global-color-5)","background-image":"","background-repeat":"repeat","background-position":"center center","background-size":"auto","background-attachment":"scroll","background-type":"","background-media":"","overlay-type":"","overlay-color":"","overlay-opacity":"","overlay-gradient":""},"tablet":{"background-color":"var(--ast-global-color-5)","background-image":"","background-repeat":"repeat","background-position":"center center","background-size":"auto","background-attachment":"scroll","background-type":"","background-media":"","overlay-type":"","overlay-color":"","overlay-opacity":"","overlay-gradient":""},"mobile":{"background-color":"var(--ast-global-color-5)","background-image":"","background-repeat":"repeat","background-position":"center center","background-size":"auto","background-attachment":"scroll","background-type":"","background-media":"","overlay-type":"","overlay-color":"","overlay-opacity":"","overlay-gradient":""}},"footnotes":""},"class_list":["post-31","page","type-page","status-publish","hentry"],"_links":{"self":[{"href":"https:\/\/feketeistvanvtajka.hu\/en\/wp-json\/wp\/v2\/pages\/31","targetHints":{"allow":["GET"]}}],"collection":[{"href":"https:\/\/feketeistvanvtajka.hu\/en\/wp-json\/wp\/v2\/pages"}],"about":[{"href":"https:\/\/feketeistvanvtajka.hu\/en\/wp-json\/wp\/v2\/types\/page"}],"author":[{"embeddable":true,"href":"https:\/\/feketeistvanvtajka.hu\/en\/wp-json\/wp\/v2\/users\/1"}],"replies":[{"embeddable":true,"href":"https:\/\/feketeistvanvtajka.hu\/en\/wp-json\/wp\/v2\/comments?post=31"}],"version-history":[{"count":44,"href":"https:\/\/feketeistvanvtajka.hu\/en\/wp-json\/wp\/v2\/pages\/31\/revisions"}],"predecessor-version":[{"id":1249,"href":"https:\/\/feketeistvanvtajka.hu\/en\/wp-json\/wp\/v2\/pages\/31\/revisions\/1249"}],"wp:attachment":[{"href":"https:\/\/feketeistvanvtajka.hu\/en\/wp-json\/wp\/v2\/media?parent=31"}],"curies":[{"name":"wp","href":"https:\/\/api.w.org\/{rel}","templated":true}]}}